{"id":824,"date":"2024-05-10T12:09:20","date_gmt":"2024-05-10T10:09:20","guid":{"rendered":"https:\/\/saumonsetcaviars.creactivecom.fr\/?post_type=product&#038;p=824"},"modified":"2024-06-12T13:10:13","modified_gmt":"2024-06-12T11:10:13","slug":"anguille-fumee-filets","status":"publish","type":"product","link":"https:\/\/saumonsetcaviars.creactivecom.fr\/fr\/produit\/anguille-fumee-filets\/","title":{"rendered":"Espadon fum\u00e9"},"content":{"rendered":"<p>Paquet environ 120 grammes, ferme et l\u00e9g\u00e8rement fum\u00e9.<\/p>\n","protected":false},"excerpt":{"rendered":"<p>Paquet environ 120 grammes, ferme et l\u00e9g\u00e8rement fum\u00e9.<\/p>\n","protected":false},"featured_media":424,"template":"","meta":{"_acf_changed":false},"product_cat":[57],"product_tag":[],"acf":[],"yoast_head":"<!-- This site is optimized with the Yoast SEO plugin v22.8 - https:\/\/yoast.com\/wordpress\/plugins\/seo\/ -->\n<title>Espadon fum\u00e9 - La Compagnie des Saumons &amp; Caviars<\/title>\n<meta name=\"robots\" content=\"index, follow, max-snippet:-1, max-image-preview:large, max-video-preview:-1\" \/>\n<link rel=\"canonical\" href=\"https:\/\/saumonsetcaviars.creactivecom.fr\/fr\/produit\/anguille-fumee-filets\/\" \/>\n<meta property=\"og:locale\" content=\"fr_FR\" \/>\n<meta property=\"og:type\" content=\"article\" \/>\n<meta property=\"og:title\" content=\"Espadon fum\u00e9 - La Compagnie des Saumons &amp; Caviars\" \/>\n<meta property=\"og:description\" content=\"Paquet environ 120 grammes, ferme et l\u00e9g\u00e8rement fum\u00e9.\" \/>\n<meta property=\"og:url\" content=\"https:\/\/saumonsetcaviars.creactivecom.fr\/fr\/produit\/anguille-fumee-filets\/\" \/>\n<meta property=\"og:site_name\" content=\"La Compagnie des Saumons &amp; Caviars\" \/>\n<meta property=\"article:modified_time\" content=\"2024-06-12T11:10:13+00:00\" \/>\n<meta property=\"og:image\" content=\"https:\/\/saumonsetcaviars.creactivecom.fr\/wp-content\/uploads\/2021\/05\/espadon-fume-1024x1024.png\" \/>\n\t<meta property=\"og:image:width\" content=\"1024\" \/>\n\t<meta property=\"og:image:height\" content=\"1024\" \/>\n\t<meta property=\"og:image:type\" content=\"image\/png\" \/>\n<meta name=\"twitter:card\" content=\"summary_large_image\" \/>\n<meta name=\"twitter:label1\" content=\"Dur\u00e9e de lecture estim\u00e9e\" \/>\n\t<meta name=\"twitter:data1\" content=\"1 minute\" \/>\n<script type=\"application\/ld+json\" class=\"yoast-schema-graph\">{\"@context\":\"https:\/\/schema.org\",\"@graph\":[{\"@type\":\"WebPage\",\"@id\":\"https:\/\/saumonsetcaviars.creactivecom.fr\/fr\/produit\/anguille-fumee-filets\/\",\"url\":\"https:\/\/saumonsetcaviars.creactivecom.fr\/fr\/produit\/anguille-fumee-filets\/\",\"name\":\"Espadon fum\u00e9 - La Compagnie des Saumons &amp; Caviars\",\"isPartOf\":{\"@id\":\"https:\/\/saumonsetcaviars.creactivecom.fr\/fr\/#website\"},\"primaryImageOfPage\":{\"@id\":\"https:\/\/saumonsetcaviars.creactivecom.fr\/fr\/produit\/anguille-fumee-filets\/#primaryimage\"},\"image\":{\"@id\":\"https:\/\/saumonsetcaviars.creactivecom.fr\/fr\/produit\/anguille-fumee-filets\/#primaryimage\"},\"thumbnailUrl\":\"https:\/\/saumonsetcaviars.creactivecom.fr\/wp-content\/uploads\/2021\/05\/espadon-fume.png\",\"datePublished\":\"2024-05-10T10:09:20+00:00\",\"dateModified\":\"2024-06-12T11:10:13+00:00\",\"breadcrumb\":{\"@id\":\"https:\/\/saumonsetcaviars.creactivecom.fr\/fr\/produit\/anguille-fumee-filets\/#breadcrumb\"},\"inLanguage\":\"fr-FR\",\"potentialAction\":[{\"@type\":\"ReadAction\",\"target\":[\"https:\/\/saumonsetcaviars.creactivecom.fr\/fr\/produit\/anguille-fumee-filets\/\"]}]},{\"@type\":\"ImageObject\",\"inLanguage\":\"fr-FR\",\"@id\":\"https:\/\/saumonsetcaviars.creactivecom.fr\/fr\/produit\/anguille-fumee-filets\/#primaryimage\",\"url\":\"https:\/\/saumonsetcaviars.creactivecom.fr\/wp-content\/uploads\/2021\/05\/espadon-fume.png\",\"contentUrl\":\"https:\/\/saumonsetcaviars.creactivecom.fr\/wp-content\/uploads\/2021\/05\/espadon-fume.png\",\"width\":1920,\"height\":1920},{\"@type\":\"BreadcrumbList\",\"@id\":\"https:\/\/saumonsetcaviars.creactivecom.fr\/fr\/produit\/anguille-fumee-filets\/#breadcrumb\",\"itemListElement\":[{\"@type\":\"ListItem\",\"position\":1,\"name\":\"Accueil\",\"item\":\"https:\/\/saumonsetcaviars.creactivecom.fr\/fr\/\"},{\"@type\":\"ListItem\",\"position\":2,\"name\":\"Boutique\",\"item\":\"https:\/\/saumonsetcaviars.creactivecom.fr\/fr\/boutique\/\"},{\"@type\":\"ListItem\",\"position\":3,\"name\":\"Espadon fum\u00e9\"}]},{\"@type\":\"WebSite\",\"@id\":\"https:\/\/saumonsetcaviars.creactivecom.fr\/fr\/#website\",\"url\":\"https:\/\/saumonsetcaviars.creactivecom.fr\/fr\/\",\"name\":\"La Compagnie des Saumons &amp; Caviars\",\"description\":\"\",\"potentialAction\":[{\"@type\":\"SearchAction\",\"target\":{\"@type\":\"EntryPoint\",\"urlTemplate\":\"https:\/\/saumonsetcaviars.creactivecom.fr\/fr\/?s={search_term_string}\"},\"query-input\":\"required name=search_term_string\"}],\"inLanguage\":\"fr-FR\"}]}<\/script>\n<!-- \/ Yoast SEO plugin. -->","yoast_head_json":{"title":"Espadon fum\u00e9 - La Compagnie des Saumons &amp; Caviars","robots":{"index":"index","follow":"follow","max-snippet":"max-snippet:-1","max-image-preview":"max-image-preview:large","max-video-preview":"max-video-preview:-1"},"canonical":"https:\/\/saumonsetcaviars.creactivecom.fr\/fr\/produit\/anguille-fumee-filets\/","og_locale":"fr_FR","og_type":"article","og_title":"Espadon fum\u00e9 - La Compagnie des Saumons &amp; Caviars","og_description":"Paquet environ 120 grammes, ferme et l\u00e9g\u00e8rement fum\u00e9.","og_url":"https:\/\/saumonsetcaviars.creactivecom.fr\/fr\/produit\/anguille-fumee-filets\/","og_site_name":"La Compagnie des Saumons &amp; Caviars","article_modified_time":"2024-06-12T11:10:13+00:00","og_image":[{"width":1024,"height":1024,"url":"https:\/\/saumonsetcaviars.creactivecom.fr\/wp-content\/uploads\/2021\/05\/espadon-fume-1024x1024.png","type":"image\/png"}],"twitter_card":"summary_large_image","twitter_misc":{"Dur\u00e9e de lecture estim\u00e9e":"1 minute"},"schema":{"@context":"https:\/\/schema.org","@graph":[{"@type":"WebPage","@id":"https:\/\/saumonsetcaviars.creactivecom.fr\/fr\/produit\/anguille-fumee-filets\/","url":"https:\/\/saumonsetcaviars.creactivecom.fr\/fr\/produit\/anguille-fumee-filets\/","name":"Espadon fum\u00e9 - La Compagnie des Saumons &amp; Caviars","isPartOf":{"@id":"https:\/\/saumonsetcaviars.creactivecom.fr\/fr\/#website"},"primaryImageOfPage":{"@id":"https:\/\/saumonsetcaviars.creactivecom.fr\/fr\/produit\/anguille-fumee-filets\/#primaryimage"},"image":{"@id":"https:\/\/saumonsetcaviars.creactivecom.fr\/fr\/produit\/anguille-fumee-filets\/#primaryimage"},"thumbnailUrl":"https:\/\/saumonsetcaviars.creactivecom.fr\/wp-content\/uploads\/2021\/05\/espadon-fume.png","datePublished":"2024-05-10T10:09:20+00:00","dateModified":"2024-06-12T11:10:13+00:00","breadcrumb":{"@id":"https:\/\/saumonsetcaviars.creactivecom.fr\/fr\/produit\/anguille-fumee-filets\/#breadcrumb"},"inLanguage":"fr-FR","potentialAction":[{"@type":"ReadAction","target":["https:\/\/saumonsetcaviars.creactivecom.fr\/fr\/produit\/anguille-fumee-filets\/"]}]},{"@type":"ImageObject","inLanguage":"fr-FR","@id":"https:\/\/saumonsetcaviars.creactivecom.fr\/fr\/produit\/anguille-fumee-filets\/#primaryimage","url":"https:\/\/saumonsetcaviars.creactivecom.fr\/wp-content\/uploads\/2021\/05\/espadon-fume.png","contentUrl":"https:\/\/saumonsetcaviars.creactivecom.fr\/wp-content\/uploads\/2021\/05\/espadon-fume.png","width":1920,"height":1920},{"@type":"BreadcrumbList","@id":"https:\/\/saumonsetcaviars.creactivecom.fr\/fr\/produit\/anguille-fumee-filets\/#breadcrumb","itemListElement":[{"@type":"ListItem","position":1,"name":"Accueil","item":"https:\/\/saumonsetcaviars.creactivecom.fr\/fr\/"},{"@type":"ListItem","position":2,"name":"Boutique","item":"https:\/\/saumonsetcaviars.creactivecom.fr\/fr\/boutique\/"},{"@type":"ListItem","position":3,"name":"Espadon fum\u00e9"}]},{"@type":"WebSite","@id":"https:\/\/saumonsetcaviars.creactivecom.fr\/fr\/#website","url":"https:\/\/saumonsetcaviars.creactivecom.fr\/fr\/","name":"La Compagnie des Saumons &amp; Caviars","description":"","potentialAction":[{"@type":"SearchAction","target":{"@type":"EntryPoint","urlTemplate":"https:\/\/saumonsetcaviars.creactivecom.fr\/fr\/?s={search_term_string}"},"query-input":"required name=search_term_string"}],"inLanguage":"fr-FR"}]}},"_links":{"self":[{"href":"https:\/\/saumonsetcaviars.creactivecom.fr\/fr\/wp-json\/wp\/v2\/product\/824"}],"collection":[{"href":"https:\/\/saumonsetcaviars.creactivecom.fr\/fr\/wp-json\/wp\/v2\/product"}],"about":[{"href":"https:\/\/saumonsetcaviars.creactivecom.fr\/fr\/wp-json\/wp\/v2\/types\/product"}],"wp:featuredmedia":[{"embeddable":true,"href":"https:\/\/saumonsetcaviars.creactivecom.fr\/fr\/wp-json\/wp\/v2\/media\/424"}],"wp:attachment":[{"href":"https:\/\/saumonsetcaviars.creactivecom.fr\/fr\/wp-json\/wp\/v2\/media?parent=824"}],"wp:term":[{"taxonomy":"product_cat","embeddable":true,"href":"https:\/\/saumonsetcaviars.creactivecom.fr\/fr\/wp-json\/wp\/v2\/product_cat?post=824"},{"taxonomy":"product_tag","embeddable":true,"href":"https:\/\/saumonsetcaviars.creactivecom.fr\/fr\/wp-json\/wp\/v2\/product_tag?post=824"}],"curies":[{"name":"wp","href":"https:\/\/api.w.org\/{rel}","templated":true}]}}