{"id":747,"date":"2024-03-26T14:14:50","date_gmt":"2024-03-26T13:14:50","guid":{"rendered":"https:\/\/saumonsetcaviars.creactivecom.fr\/?post_type=product&#038;p=747"},"modified":"2024-06-14T20:42:09","modified_gmt":"2024-06-14T18:42:09","slug":"saumon-fume-sauvage","status":"publish","type":"product","link":"https:\/\/saumonsetcaviars.creactivecom.fr\/fr\/produit\/saumon-fume-sauvage\/","title":{"rendered":"Saumon fum\u00e9 Sauvage"},"content":{"rendered":"<p><strong>Selon disponibilit\u00e9<\/strong><\/p>\n<p>P\u00each\u00e9 en mer Baltique, pr\u00e8s des c\u00f4tes polonaises. Pas gras, fumage et go\u00fbt prononc\u00e9. Sa couleur blanche est d\u00fb \u00e0 son alimentation (harengs et sprats).<\/p>\n<p><strong>Prix \u00e0 la tranche<br \/>\nConservation :<\/strong>\u00a01 \u00e0 4\u00b0C au r\u00e9frig\u00e9rateur<br \/>\n<strong>Poids\u00a0d\u2019une tranche\u00a0:<\/strong>\u00a0minimum 65 gr<\/p>\n","protected":false},"excerpt":{"rendered":"<p><strong>Selon disponibilit\u00e9<\/strong><\/p>\n<p>P\u00each\u00e9 en mer Baltique, pr\u00e8s des c\u00f4tes polonaises. Pas gras, fumage et go\u00fbt prononc\u00e9. Sa couleur blanche est d\u00fb \u00e0 son alimentation (harengs et sprats).<\/p>\n<p><strong>Prix \u00e0 la tranche<br \/>\nConservation :<\/strong>\u00a01 \u00e0 4\u00b0C au r\u00e9frig\u00e9rateur<br \/>\n<strong>Poids\u00a0d\u2019une tranche\u00a0:<\/strong>\u00a0minimum 65 gr<\/p>\n","protected":false},"featured_media":385,"template":"","meta":{"_acf_changed":false},"product_cat":[52],"product_tag":[],"acf":[],"yoast_head":"<!-- This site is optimized with the Yoast SEO plugin v22.8 - https:\/\/yoast.com\/wordpress\/plugins\/seo\/ -->\n<title>Saumon fum\u00e9 Sauvage - La Compagnie des Saumons &amp; Caviars<\/title>\n<meta name=\"robots\" content=\"index, follow, max-snippet:-1, max-image-preview:large, max-video-preview:-1\" \/>\n<link rel=\"canonical\" href=\"https:\/\/saumonsetcaviars.creactivecom.fr\/fr\/produit\/saumon-fume-sauvage\/\" \/>\n<meta property=\"og:locale\" content=\"fr_FR\" \/>\n<meta property=\"og:type\" content=\"article\" \/>\n<meta property=\"og:title\" content=\"Saumon fum\u00e9 Sauvage - La Compagnie des Saumons &amp; Caviars\" \/>\n<meta property=\"og:description\" content=\"Selon disponibilit\u00e9  P\u00each\u00e9 en mer Baltique, pr\u00e8s des c\u00f4tes polonaises. Pas gras, fumage et go\u00fbt prononc\u00e9. Sa couleur blanche est d\u00fb \u00e0 son alimentation (harengs et sprats).  Prix \u00e0 la tranche Conservation :\u00a01 \u00e0 4\u00b0C au r\u00e9frig\u00e9rateur Poids\u00a0d\u2019une tranche\u00a0:\u00a0minimum 65 gr\" \/>\n<meta property=\"og:url\" content=\"https:\/\/saumonsetcaviars.creactivecom.fr\/fr\/produit\/saumon-fume-sauvage\/\" \/>\n<meta property=\"og:site_name\" content=\"La Compagnie des Saumons &amp; Caviars\" \/>\n<meta property=\"article:modified_time\" content=\"2024-06-14T18:42:09+00:00\" \/>\n<meta property=\"og:image\" content=\"https:\/\/saumonsetcaviars.creactivecom.fr\/wp-content\/uploads\/2021\/05\/Saumon-Sauvage.png\" \/>\n\t<meta property=\"og:image:width\" content=\"1920\" \/>\n\t<meta property=\"og:image:height\" content=\"1755\" \/>\n\t<meta property=\"og:image:type\" content=\"image\/png\" \/>\n<meta name=\"twitter:card\" content=\"summary_large_image\" \/>\n<meta name=\"twitter:label1\" content=\"Dur\u00e9e de lecture estim\u00e9e\" \/>\n\t<meta name=\"twitter:data1\" content=\"1 minute\" \/>\n<script type=\"application\/ld+json\" class=\"yoast-schema-graph\">{\"@context\":\"https:\/\/schema.org\",\"@graph\":[{\"@type\":\"WebPage\",\"@id\":\"https:\/\/saumonsetcaviars.creactivecom.fr\/fr\/produit\/saumon-fume-sauvage\/\",\"url\":\"https:\/\/saumonsetcaviars.creactivecom.fr\/fr\/produit\/saumon-fume-sauvage\/\",\"name\":\"Saumon fum\u00e9 Sauvage - La Compagnie des Saumons &amp; Caviars\",\"isPartOf\":{\"@id\":\"https:\/\/saumonsetcaviars.creactivecom.fr\/fr\/#website\"},\"primaryImageOfPage\":{\"@id\":\"https:\/\/saumonsetcaviars.creactivecom.fr\/fr\/produit\/saumon-fume-sauvage\/#primaryimage\"},\"image\":{\"@id\":\"https:\/\/saumonsetcaviars.creactivecom.fr\/fr\/produit\/saumon-fume-sauvage\/#primaryimage\"},\"thumbnailUrl\":\"https:\/\/saumonsetcaviars.creactivecom.fr\/wp-content\/uploads\/2021\/05\/Saumon-Sauvage.png\",\"datePublished\":\"2024-03-26T13:14:50+00:00\",\"dateModified\":\"2024-06-14T18:42:09+00:00\",\"breadcrumb\":{\"@id\":\"https:\/\/saumonsetcaviars.creactivecom.fr\/fr\/produit\/saumon-fume-sauvage\/#breadcrumb\"},\"inLanguage\":\"fr-FR\",\"potentialAction\":[{\"@type\":\"ReadAction\",\"target\":[\"https:\/\/saumonsetcaviars.creactivecom.fr\/fr\/produit\/saumon-fume-sauvage\/\"]}]},{\"@type\":\"ImageObject\",\"inLanguage\":\"fr-FR\",\"@id\":\"https:\/\/saumonsetcaviars.creactivecom.fr\/fr\/produit\/saumon-fume-sauvage\/#primaryimage\",\"url\":\"https:\/\/saumonsetcaviars.creactivecom.fr\/wp-content\/uploads\/2021\/05\/Saumon-Sauvage.png\",\"contentUrl\":\"https:\/\/saumonsetcaviars.creactivecom.fr\/wp-content\/uploads\/2021\/05\/Saumon-Sauvage.png\",\"width\":1920,\"height\":1755},{\"@type\":\"BreadcrumbList\",\"@id\":\"https:\/\/saumonsetcaviars.creactivecom.fr\/fr\/produit\/saumon-fume-sauvage\/#breadcrumb\",\"itemListElement\":[{\"@type\":\"ListItem\",\"position\":1,\"name\":\"Accueil\",\"item\":\"https:\/\/saumonsetcaviars.creactivecom.fr\/fr\/\"},{\"@type\":\"ListItem\",\"position\":2,\"name\":\"Boutique\",\"item\":\"https:\/\/saumonsetcaviars.creactivecom.fr\/fr\/boutique\/\"},{\"@type\":\"ListItem\",\"position\":3,\"name\":\"Saumon fum\u00e9 Sauvage\"}]},{\"@type\":\"WebSite\",\"@id\":\"https:\/\/saumonsetcaviars.creactivecom.fr\/fr\/#website\",\"url\":\"https:\/\/saumonsetcaviars.creactivecom.fr\/fr\/\",\"name\":\"La Compagnie des Saumons &amp; Caviars\",\"description\":\"\",\"potentialAction\":[{\"@type\":\"SearchAction\",\"target\":{\"@type\":\"EntryPoint\",\"urlTemplate\":\"https:\/\/saumonsetcaviars.creactivecom.fr\/fr\/?s={search_term_string}\"},\"query-input\":\"required name=search_term_string\"}],\"inLanguage\":\"fr-FR\"}]}<\/script>\n<!-- \/ Yoast SEO plugin. -->","yoast_head_json":{"title":"Saumon fum\u00e9 Sauvage - La Compagnie des Saumons &amp; Caviars","robots":{"index":"index","follow":"follow","max-snippet":"max-snippet:-1","max-image-preview":"max-image-preview:large","max-video-preview":"max-video-preview:-1"},"canonical":"https:\/\/saumonsetcaviars.creactivecom.fr\/fr\/produit\/saumon-fume-sauvage\/","og_locale":"fr_FR","og_type":"article","og_title":"Saumon fum\u00e9 Sauvage - La Compagnie des Saumons &amp; Caviars","og_description":"Selon disponibilit\u00e9  P\u00each\u00e9 en mer Baltique, pr\u00e8s des c\u00f4tes polonaises. Pas gras, fumage et go\u00fbt prononc\u00e9. Sa couleur blanche est d\u00fb \u00e0 son alimentation (harengs et sprats).  Prix \u00e0 la tranche Conservation :\u00a01 \u00e0 4\u00b0C au r\u00e9frig\u00e9rateur Poids\u00a0d\u2019une tranche\u00a0:\u00a0minimum 65 gr","og_url":"https:\/\/saumonsetcaviars.creactivecom.fr\/fr\/produit\/saumon-fume-sauvage\/","og_site_name":"La Compagnie des Saumons &amp; Caviars","article_modified_time":"2024-06-14T18:42:09+00:00","og_image":[{"width":1920,"height":1755,"url":"https:\/\/saumonsetcaviars.creactivecom.fr\/wp-content\/uploads\/2021\/05\/Saumon-Sauvage.png","type":"image\/png"}],"twitter_card":"summary_large_image","twitter_misc":{"Dur\u00e9e de lecture estim\u00e9e":"1 minute"},"schema":{"@context":"https:\/\/schema.org","@graph":[{"@type":"WebPage","@id":"https:\/\/saumonsetcaviars.creactivecom.fr\/fr\/produit\/saumon-fume-sauvage\/","url":"https:\/\/saumonsetcaviars.creactivecom.fr\/fr\/produit\/saumon-fume-sauvage\/","name":"Saumon fum\u00e9 Sauvage - La Compagnie des Saumons &amp; Caviars","isPartOf":{"@id":"https:\/\/saumonsetcaviars.creactivecom.fr\/fr\/#website"},"primaryImageOfPage":{"@id":"https:\/\/saumonsetcaviars.creactivecom.fr\/fr\/produit\/saumon-fume-sauvage\/#primaryimage"},"image":{"@id":"https:\/\/saumonsetcaviars.creactivecom.fr\/fr\/produit\/saumon-fume-sauvage\/#primaryimage"},"thumbnailUrl":"https:\/\/saumonsetcaviars.creactivecom.fr\/wp-content\/uploads\/2021\/05\/Saumon-Sauvage.png","datePublished":"2024-03-26T13:14:50+00:00","dateModified":"2024-06-14T18:42:09+00:00","breadcrumb":{"@id":"https:\/\/saumonsetcaviars.creactivecom.fr\/fr\/produit\/saumon-fume-sauvage\/#breadcrumb"},"inLanguage":"fr-FR","potentialAction":[{"@type":"ReadAction","target":["https:\/\/saumonsetcaviars.creactivecom.fr\/fr\/produit\/saumon-fume-sauvage\/"]}]},{"@type":"ImageObject","inLanguage":"fr-FR","@id":"https:\/\/saumonsetcaviars.creactivecom.fr\/fr\/produit\/saumon-fume-sauvage\/#primaryimage","url":"https:\/\/saumonsetcaviars.creactivecom.fr\/wp-content\/uploads\/2021\/05\/Saumon-Sauvage.png","contentUrl":"https:\/\/saumonsetcaviars.creactivecom.fr\/wp-content\/uploads\/2021\/05\/Saumon-Sauvage.png","width":1920,"height":1755},{"@type":"BreadcrumbList","@id":"https:\/\/saumonsetcaviars.creactivecom.fr\/fr\/produit\/saumon-fume-sauvage\/#breadcrumb","itemListElement":[{"@type":"ListItem","position":1,"name":"Accueil","item":"https:\/\/saumonsetcaviars.creactivecom.fr\/fr\/"},{"@type":"ListItem","position":2,"name":"Boutique","item":"https:\/\/saumonsetcaviars.creactivecom.fr\/fr\/boutique\/"},{"@type":"ListItem","position":3,"name":"Saumon fum\u00e9 Sauvage"}]},{"@type":"WebSite","@id":"https:\/\/saumonsetcaviars.creactivecom.fr\/fr\/#website","url":"https:\/\/saumonsetcaviars.creactivecom.fr\/fr\/","name":"La Compagnie des Saumons &amp; Caviars","description":"","potentialAction":[{"@type":"SearchAction","target":{"@type":"EntryPoint","urlTemplate":"https:\/\/saumonsetcaviars.creactivecom.fr\/fr\/?s={search_term_string}"},"query-input":"required name=search_term_string"}],"inLanguage":"fr-FR"}]}},"_links":{"self":[{"href":"https:\/\/saumonsetcaviars.creactivecom.fr\/fr\/wp-json\/wp\/v2\/product\/747"}],"collection":[{"href":"https:\/\/saumonsetcaviars.creactivecom.fr\/fr\/wp-json\/wp\/v2\/product"}],"about":[{"href":"https:\/\/saumonsetcaviars.creactivecom.fr\/fr\/wp-json\/wp\/v2\/types\/product"}],"wp:featuredmedia":[{"embeddable":true,"href":"https:\/\/saumonsetcaviars.creactivecom.fr\/fr\/wp-json\/wp\/v2\/media\/385"}],"wp:attachment":[{"href":"https:\/\/saumonsetcaviars.creactivecom.fr\/fr\/wp-json\/wp\/v2\/media?parent=747"}],"wp:term":[{"taxonomy":"product_cat","embeddable":true,"href":"https:\/\/saumonsetcaviars.creactivecom.fr\/fr\/wp-json\/wp\/v2\/product_cat?post=747"},{"taxonomy":"product_tag","embeddable":true,"href":"https:\/\/saumonsetcaviars.creactivecom.fr\/fr\/wp-json\/wp\/v2\/product_tag?post=747"}],"curies":[{"name":"wp","href":"https:\/\/api.w.org\/{rel}","templated":true}]}}