{"id":699,"date":"2024-03-26T12:53:37","date_gmt":"2024-03-26T11:53:37","guid":{"rendered":"https:\/\/saumonsetcaviars.creactivecom.fr\/?post_type=product&#038;p=699"},"modified":"2024-06-14T20:29:15","modified_gmt":"2024-06-14T18:29:15","slug":"saumon-fume-gravadlax","status":"publish","type":"product","link":"https:\/\/saumonsetcaviars.creactivecom.fr\/fr\/produit\/saumon-fume-gravadlax\/","title":{"rendered":"Saumon fum\u00e9 Gravadlax"},"content":{"rendered":"","protected":false},"excerpt":{"rendered":"<p>Sp\u00e9cialit\u00e9 culinaire d\u2019origine scandinave. L\u00e9g\u00e8rement fum\u00e9 et marin\u00e9 dans un m\u00e9lange de citron, baies et aneth.<\/p>\n<p><strong>Prix \u00e0 la tranche<br \/>\nConservation\u00a0:<\/strong>\u00a01 \u00e0 4\u00b0C au r\u00e9frig\u00e9rateur<br \/>\n<strong>Poids\u00a0d\u2019une tranche\u00a0:<\/strong>\u00a0minimum 65gr<\/p>\n","protected":false},"featured_media":400,"template":"","meta":{"_acf_changed":false},"product_cat":[52],"product_tag":[],"acf":[],"yoast_head":"<!-- This site is optimized with the Yoast SEO plugin v22.8 - https:\/\/yoast.com\/wordpress\/plugins\/seo\/ -->\n<title>Saumon fum\u00e9 Gravadlax - La Compagnie des Saumons &amp; Caviars<\/title>\n<meta name=\"robots\" content=\"index, follow, max-snippet:-1, max-image-preview:large, max-video-preview:-1\" \/>\n<link rel=\"canonical\" href=\"https:\/\/saumonsetcaviars.creactivecom.fr\/fr\/produit\/saumon-fume-gravadlax\/\" \/>\n<meta property=\"og:locale\" content=\"fr_FR\" \/>\n<meta property=\"og:type\" content=\"article\" \/>\n<meta property=\"og:title\" content=\"Saumon fum\u00e9 Gravadlax - La Compagnie des Saumons &amp; Caviars\" \/>\n<meta property=\"og:description\" content=\"Sp\u00e9cialit\u00e9 culinaire d\u2019origine scandinave. L\u00e9g\u00e8rement fum\u00e9 et marin\u00e9 dans un m\u00e9lange de citron, baies et aneth.  Prix \u00e0 la tranche Conservation\u00a0:\u00a01 \u00e0 4\u00b0C au r\u00e9frig\u00e9rateur Poids\u00a0d\u2019une tranche\u00a0:\u00a0minimum 65gr\" \/>\n<meta property=\"og:url\" content=\"https:\/\/saumonsetcaviars.creactivecom.fr\/fr\/produit\/saumon-fume-gravadlax\/\" \/>\n<meta property=\"og:site_name\" content=\"La Compagnie des Saumons &amp; Caviars\" \/>\n<meta property=\"article:modified_time\" content=\"2024-06-14T18:29:15+00:00\" \/>\n<meta property=\"og:image\" content=\"https:\/\/saumonsetcaviars.creactivecom.fr\/wp-content\/uploads\/2021\/05\/Saumon-Gravadlax.png\" \/>\n\t<meta property=\"og:image:width\" content=\"510\" \/>\n\t<meta property=\"og:image:height\" content=\"325\" \/>\n\t<meta property=\"og:image:type\" content=\"image\/png\" \/>\n<meta name=\"twitter:card\" content=\"summary_large_image\" \/>\n<meta name=\"twitter:label1\" content=\"Dur\u00e9e de lecture estim\u00e9e\" \/>\n\t<meta name=\"twitter:data1\" content=\"1 minute\" \/>\n<script type=\"application\/ld+json\" class=\"yoast-schema-graph\">{\"@context\":\"https:\/\/schema.org\",\"@graph\":[{\"@type\":\"WebPage\",\"@id\":\"https:\/\/saumonsetcaviars.creactivecom.fr\/fr\/produit\/saumon-fume-gravadlax\/\",\"url\":\"https:\/\/saumonsetcaviars.creactivecom.fr\/fr\/produit\/saumon-fume-gravadlax\/\",\"name\":\"Saumon fum\u00e9 Gravadlax - La Compagnie des Saumons &amp; Caviars\",\"isPartOf\":{\"@id\":\"https:\/\/saumonsetcaviars.creactivecom.fr\/fr\/#website\"},\"primaryImageOfPage\":{\"@id\":\"https:\/\/saumonsetcaviars.creactivecom.fr\/fr\/produit\/saumon-fume-gravadlax\/#primaryimage\"},\"image\":{\"@id\":\"https:\/\/saumonsetcaviars.creactivecom.fr\/fr\/produit\/saumon-fume-gravadlax\/#primaryimage\"},\"thumbnailUrl\":\"https:\/\/saumonsetcaviars.creactivecom.fr\/wp-content\/uploads\/2021\/05\/Saumon-Gravadlax.png\",\"datePublished\":\"2024-03-26T11:53:37+00:00\",\"dateModified\":\"2024-06-14T18:29:15+00:00\",\"breadcrumb\":{\"@id\":\"https:\/\/saumonsetcaviars.creactivecom.fr\/fr\/produit\/saumon-fume-gravadlax\/#breadcrumb\"},\"inLanguage\":\"fr-FR\",\"potentialAction\":[{\"@type\":\"ReadAction\",\"target\":[\"https:\/\/saumonsetcaviars.creactivecom.fr\/fr\/produit\/saumon-fume-gravadlax\/\"]}]},{\"@type\":\"ImageObject\",\"inLanguage\":\"fr-FR\",\"@id\":\"https:\/\/saumonsetcaviars.creactivecom.fr\/fr\/produit\/saumon-fume-gravadlax\/#primaryimage\",\"url\":\"https:\/\/saumonsetcaviars.creactivecom.fr\/wp-content\/uploads\/2021\/05\/Saumon-Gravadlax.png\",\"contentUrl\":\"https:\/\/saumonsetcaviars.creactivecom.fr\/wp-content\/uploads\/2021\/05\/Saumon-Gravadlax.png\",\"width\":510,\"height\":325},{\"@type\":\"BreadcrumbList\",\"@id\":\"https:\/\/saumonsetcaviars.creactivecom.fr\/fr\/produit\/saumon-fume-gravadlax\/#breadcrumb\",\"itemListElement\":[{\"@type\":\"ListItem\",\"position\":1,\"name\":\"Accueil\",\"item\":\"https:\/\/saumonsetcaviars.creactivecom.fr\/fr\/\"},{\"@type\":\"ListItem\",\"position\":2,\"name\":\"Boutique\",\"item\":\"https:\/\/saumonsetcaviars.creactivecom.fr\/fr\/boutique\/\"},{\"@type\":\"ListItem\",\"position\":3,\"name\":\"Saumon fum\u00e9 Gravadlax\"}]},{\"@type\":\"WebSite\",\"@id\":\"https:\/\/saumonsetcaviars.creactivecom.fr\/fr\/#website\",\"url\":\"https:\/\/saumonsetcaviars.creactivecom.fr\/fr\/\",\"name\":\"La Compagnie des Saumons &amp; Caviars\",\"description\":\"\",\"potentialAction\":[{\"@type\":\"SearchAction\",\"target\":{\"@type\":\"EntryPoint\",\"urlTemplate\":\"https:\/\/saumonsetcaviars.creactivecom.fr\/fr\/?s={search_term_string}\"},\"query-input\":\"required name=search_term_string\"}],\"inLanguage\":\"fr-FR\"}]}<\/script>\n<!-- \/ Yoast SEO plugin. -->","yoast_head_json":{"title":"Saumon fum\u00e9 Gravadlax - La Compagnie des Saumons &amp; Caviars","robots":{"index":"index","follow":"follow","max-snippet":"max-snippet:-1","max-image-preview":"max-image-preview:large","max-video-preview":"max-video-preview:-1"},"canonical":"https:\/\/saumonsetcaviars.creactivecom.fr\/fr\/produit\/saumon-fume-gravadlax\/","og_locale":"fr_FR","og_type":"article","og_title":"Saumon fum\u00e9 Gravadlax - La Compagnie des Saumons &amp; Caviars","og_description":"Sp\u00e9cialit\u00e9 culinaire d\u2019origine scandinave. L\u00e9g\u00e8rement fum\u00e9 et marin\u00e9 dans un m\u00e9lange de citron, baies et aneth.  Prix \u00e0 la tranche Conservation\u00a0:\u00a01 \u00e0 4\u00b0C au r\u00e9frig\u00e9rateur Poids\u00a0d\u2019une tranche\u00a0:\u00a0minimum 65gr","og_url":"https:\/\/saumonsetcaviars.creactivecom.fr\/fr\/produit\/saumon-fume-gravadlax\/","og_site_name":"La Compagnie des Saumons &amp; Caviars","article_modified_time":"2024-06-14T18:29:15+00:00","og_image":[{"width":510,"height":325,"url":"https:\/\/saumonsetcaviars.creactivecom.fr\/wp-content\/uploads\/2021\/05\/Saumon-Gravadlax.png","type":"image\/png"}],"twitter_card":"summary_large_image","twitter_misc":{"Dur\u00e9e de lecture estim\u00e9e":"1 minute"},"schema":{"@context":"https:\/\/schema.org","@graph":[{"@type":"WebPage","@id":"https:\/\/saumonsetcaviars.creactivecom.fr\/fr\/produit\/saumon-fume-gravadlax\/","url":"https:\/\/saumonsetcaviars.creactivecom.fr\/fr\/produit\/saumon-fume-gravadlax\/","name":"Saumon fum\u00e9 Gravadlax - La Compagnie des Saumons &amp; Caviars","isPartOf":{"@id":"https:\/\/saumonsetcaviars.creactivecom.fr\/fr\/#website"},"primaryImageOfPage":{"@id":"https:\/\/saumonsetcaviars.creactivecom.fr\/fr\/produit\/saumon-fume-gravadlax\/#primaryimage"},"image":{"@id":"https:\/\/saumonsetcaviars.creactivecom.fr\/fr\/produit\/saumon-fume-gravadlax\/#primaryimage"},"thumbnailUrl":"https:\/\/saumonsetcaviars.creactivecom.fr\/wp-content\/uploads\/2021\/05\/Saumon-Gravadlax.png","datePublished":"2024-03-26T11:53:37+00:00","dateModified":"2024-06-14T18:29:15+00:00","breadcrumb":{"@id":"https:\/\/saumonsetcaviars.creactivecom.fr\/fr\/produit\/saumon-fume-gravadlax\/#breadcrumb"},"inLanguage":"fr-FR","potentialAction":[{"@type":"ReadAction","target":["https:\/\/saumonsetcaviars.creactivecom.fr\/fr\/produit\/saumon-fume-gravadlax\/"]}]},{"@type":"ImageObject","inLanguage":"fr-FR","@id":"https:\/\/saumonsetcaviars.creactivecom.fr\/fr\/produit\/saumon-fume-gravadlax\/#primaryimage","url":"https:\/\/saumonsetcaviars.creactivecom.fr\/wp-content\/uploads\/2021\/05\/Saumon-Gravadlax.png","contentUrl":"https:\/\/saumonsetcaviars.creactivecom.fr\/wp-content\/uploads\/2021\/05\/Saumon-Gravadlax.png","width":510,"height":325},{"@type":"BreadcrumbList","@id":"https:\/\/saumonsetcaviars.creactivecom.fr\/fr\/produit\/saumon-fume-gravadlax\/#breadcrumb","itemListElement":[{"@type":"ListItem","position":1,"name":"Accueil","item":"https:\/\/saumonsetcaviars.creactivecom.fr\/fr\/"},{"@type":"ListItem","position":2,"name":"Boutique","item":"https:\/\/saumonsetcaviars.creactivecom.fr\/fr\/boutique\/"},{"@type":"ListItem","position":3,"name":"Saumon fum\u00e9 Gravadlax"}]},{"@type":"WebSite","@id":"https:\/\/saumonsetcaviars.creactivecom.fr\/fr\/#website","url":"https:\/\/saumonsetcaviars.creactivecom.fr\/fr\/","name":"La Compagnie des Saumons &amp; Caviars","description":"","potentialAction":[{"@type":"SearchAction","target":{"@type":"EntryPoint","urlTemplate":"https:\/\/saumonsetcaviars.creactivecom.fr\/fr\/?s={search_term_string}"},"query-input":"required name=search_term_string"}],"inLanguage":"fr-FR"}]}},"_links":{"self":[{"href":"https:\/\/saumonsetcaviars.creactivecom.fr\/fr\/wp-json\/wp\/v2\/product\/699"}],"collection":[{"href":"https:\/\/saumonsetcaviars.creactivecom.fr\/fr\/wp-json\/wp\/v2\/product"}],"about":[{"href":"https:\/\/saumonsetcaviars.creactivecom.fr\/fr\/wp-json\/wp\/v2\/types\/product"}],"wp:featuredmedia":[{"embeddable":true,"href":"https:\/\/saumonsetcaviars.creactivecom.fr\/fr\/wp-json\/wp\/v2\/media\/400"}],"wp:attachment":[{"href":"https:\/\/saumonsetcaviars.creactivecom.fr\/fr\/wp-json\/wp\/v2\/media?parent=699"}],"wp:term":[{"taxonomy":"product_cat","embeddable":true,"href":"https:\/\/saumonsetcaviars.creactivecom.fr\/fr\/wp-json\/wp\/v2\/product_cat?post=699"},{"taxonomy":"product_tag","embeddable":true,"href":"https:\/\/saumonsetcaviars.creactivecom.fr\/fr\/wp-json\/wp\/v2\/product_tag?post=699"}],"curies":[{"name":"wp","href":"https:\/\/api.w.org\/{rel}","templated":true}]}}