{"id":697,"date":"2024-03-26T12:46:54","date_gmt":"2024-03-26T11:46:54","guid":{"rendered":"https:\/\/saumonsetcaviars.creactivecom.fr\/?post_type=product&#038;p=697"},"modified":"2024-05-10T11:35:38","modified_gmt":"2024-05-10T09:35:38","slug":"saumon-fume-coupe-du-tsar","status":"publish","type":"product","link":"https:\/\/saumonsetcaviars.creactivecom.fr\/fr\/produit\/saumon-fume-coupe-du-tsar\/","title":{"rendered":"Saumon fum\u00e9 coupe du Tsar"},"content":{"rendered":"<p>Sp\u00e9cialit\u00e9 culinaire d\u2019origine scandinave. L\u00e9g\u00e8rement fum\u00e9 et marin\u00e9 dans un m\u00e9lange de citron, baies et aneth.<\/p>\n<p><strong>Paquet de 180 gr<br \/>\nConservation\u00a0:<\/strong>\u00a01 \u00e0 4\u00b0C au r\u00e9frig\u00e9rateur<br \/>\n<strong>Poids\u00a0d\u2019une tranche\u00a0:<\/strong>\u00a0minimum 65gr<\/p>\n","protected":false},"excerpt":{"rendered":"<p>Saumon fum\u00e9 au moelleux incomparable. D\u00e9coup\u00e9 en tranches \u00e9paisses ou en cubes, se d\u00e9guste nature ou \u00e0 l\u2019aneth. Provenance Norv\u00e8ge, \u00c9cosse ou F\u00e9ro\u00e9. Coup\u00e9 en d\u00e9s ou en tranches \u00e9paisses, ce c\u0153ur de filet offre des saveurs intenses, une chair moelleuse et un go\u00fbt in\u00e9galable.<\/p>\n<p><b>Prix au paquet (180 gr)<\/b><\/p>\n<p><strong>Conservation\u00a0:<\/strong>\u00a01 \u00e0 4\u00b0C au r\u00e9frig\u00e9rateur<\/p>\n","protected":false},"featured_media":408,"template":"","meta":{"_acf_changed":false},"product_cat":[52],"product_tag":[],"acf":[],"yoast_head":"<!-- This site is optimized with the Yoast SEO plugin v22.8 - https:\/\/yoast.com\/wordpress\/plugins\/seo\/ -->\n<title>Saumon fum\u00e9 coupe du Tsar - La Compagnie des Saumons &amp; Caviars<\/title>\n<meta name=\"robots\" content=\"index, follow, max-snippet:-1, max-image-preview:large, max-video-preview:-1\" \/>\n<link rel=\"canonical\" href=\"https:\/\/saumonsetcaviars.creactivecom.fr\/fr\/produit\/saumon-fume-coupe-du-tsar\/\" \/>\n<meta property=\"og:locale\" content=\"fr_FR\" \/>\n<meta property=\"og:type\" content=\"article\" \/>\n<meta property=\"og:title\" content=\"Saumon fum\u00e9 coupe du Tsar - La Compagnie des Saumons &amp; Caviars\" \/>\n<meta property=\"og:description\" content=\"Saumon fum\u00e9 au moelleux incomparable. D\u00e9coup\u00e9 en tranches \u00e9paisses ou en cubes, se d\u00e9guste nature ou \u00e0 l\u2019aneth. Provenance Norv\u00e8ge, \u00c9cosse ou F\u00e9ro\u00e9. Coup\u00e9 en d\u00e9s ou en tranches \u00e9paisses, ce c\u0153ur de filet offre des saveurs intenses, une chair moelleuse et un go\u00fbt in\u00e9galable.  Prix au paquet (180 gr)  Conservation\u00a0:\u00a01 \u00e0 4\u00b0C au r\u00e9frig\u00e9rateur\" \/>\n<meta property=\"og:url\" content=\"https:\/\/saumonsetcaviars.creactivecom.fr\/fr\/produit\/saumon-fume-coupe-du-tsar\/\" \/>\n<meta property=\"og:site_name\" content=\"La Compagnie des Saumons &amp; Caviars\" \/>\n<meta property=\"article:modified_time\" content=\"2024-05-10T09:35:38+00:00\" \/>\n<meta property=\"og:image\" content=\"https:\/\/saumonsetcaviars.creactivecom.fr\/wp-content\/uploads\/2021\/05\/Coupe-Tsar-Nature-180.png\" \/>\n\t<meta property=\"og:image:width\" content=\"1920\" \/>\n\t<meta property=\"og:image:height\" content=\"1323\" \/>\n\t<meta property=\"og:image:type\" content=\"image\/png\" \/>\n<meta name=\"twitter:card\" content=\"summary_large_image\" \/>\n<meta name=\"twitter:label1\" content=\"Dur\u00e9e de lecture estim\u00e9e\" \/>\n\t<meta name=\"twitter:data1\" content=\"1 minute\" \/>\n<script type=\"application\/ld+json\" class=\"yoast-schema-graph\">{\"@context\":\"https:\/\/schema.org\",\"@graph\":[{\"@type\":\"WebPage\",\"@id\":\"https:\/\/saumonsetcaviars.creactivecom.fr\/fr\/produit\/saumon-fume-coupe-du-tsar\/\",\"url\":\"https:\/\/saumonsetcaviars.creactivecom.fr\/fr\/produit\/saumon-fume-coupe-du-tsar\/\",\"name\":\"Saumon fum\u00e9 coupe du Tsar - La Compagnie des Saumons &amp; Caviars\",\"isPartOf\":{\"@id\":\"https:\/\/saumonsetcaviars.creactivecom.fr\/fr\/#website\"},\"primaryImageOfPage\":{\"@id\":\"https:\/\/saumonsetcaviars.creactivecom.fr\/fr\/produit\/saumon-fume-coupe-du-tsar\/#primaryimage\"},\"image\":{\"@id\":\"https:\/\/saumonsetcaviars.creactivecom.fr\/fr\/produit\/saumon-fume-coupe-du-tsar\/#primaryimage\"},\"thumbnailUrl\":\"https:\/\/saumonsetcaviars.creactivecom.fr\/wp-content\/uploads\/2021\/05\/Coupe-Tsar-Nature-180.png\",\"datePublished\":\"2024-03-26T11:46:54+00:00\",\"dateModified\":\"2024-05-10T09:35:38+00:00\",\"breadcrumb\":{\"@id\":\"https:\/\/saumonsetcaviars.creactivecom.fr\/fr\/produit\/saumon-fume-coupe-du-tsar\/#breadcrumb\"},\"inLanguage\":\"fr-FR\",\"potentialAction\":[{\"@type\":\"ReadAction\",\"target\":[\"https:\/\/saumonsetcaviars.creactivecom.fr\/fr\/produit\/saumon-fume-coupe-du-tsar\/\"]}]},{\"@type\":\"ImageObject\",\"inLanguage\":\"fr-FR\",\"@id\":\"https:\/\/saumonsetcaviars.creactivecom.fr\/fr\/produit\/saumon-fume-coupe-du-tsar\/#primaryimage\",\"url\":\"https:\/\/saumonsetcaviars.creactivecom.fr\/wp-content\/uploads\/2021\/05\/Coupe-Tsar-Nature-180.png\",\"contentUrl\":\"https:\/\/saumonsetcaviars.creactivecom.fr\/wp-content\/uploads\/2021\/05\/Coupe-Tsar-Nature-180.png\",\"width\":1920,\"height\":1323},{\"@type\":\"BreadcrumbList\",\"@id\":\"https:\/\/saumonsetcaviars.creactivecom.fr\/fr\/produit\/saumon-fume-coupe-du-tsar\/#breadcrumb\",\"itemListElement\":[{\"@type\":\"ListItem\",\"position\":1,\"name\":\"Accueil\",\"item\":\"https:\/\/saumonsetcaviars.creactivecom.fr\/fr\/\"},{\"@type\":\"ListItem\",\"position\":2,\"name\":\"Boutique\",\"item\":\"https:\/\/saumonsetcaviars.creactivecom.fr\/fr\/boutique\/\"},{\"@type\":\"ListItem\",\"position\":3,\"name\":\"Saumon fum\u00e9 coupe du Tsar\"}]},{\"@type\":\"WebSite\",\"@id\":\"https:\/\/saumonsetcaviars.creactivecom.fr\/fr\/#website\",\"url\":\"https:\/\/saumonsetcaviars.creactivecom.fr\/fr\/\",\"name\":\"La Compagnie des Saumons &amp; Caviars\",\"description\":\"\",\"potentialAction\":[{\"@type\":\"SearchAction\",\"target\":{\"@type\":\"EntryPoint\",\"urlTemplate\":\"https:\/\/saumonsetcaviars.creactivecom.fr\/fr\/?s={search_term_string}\"},\"query-input\":\"required name=search_term_string\"}],\"inLanguage\":\"fr-FR\"}]}<\/script>\n<!-- \/ Yoast SEO plugin. -->","yoast_head_json":{"title":"Saumon fum\u00e9 coupe du Tsar - La Compagnie des Saumons &amp; Caviars","robots":{"index":"index","follow":"follow","max-snippet":"max-snippet:-1","max-image-preview":"max-image-preview:large","max-video-preview":"max-video-preview:-1"},"canonical":"https:\/\/saumonsetcaviars.creactivecom.fr\/fr\/produit\/saumon-fume-coupe-du-tsar\/","og_locale":"fr_FR","og_type":"article","og_title":"Saumon fum\u00e9 coupe du Tsar - La Compagnie des Saumons &amp; Caviars","og_description":"Saumon fum\u00e9 au moelleux incomparable. D\u00e9coup\u00e9 en tranches \u00e9paisses ou en cubes, se d\u00e9guste nature ou \u00e0 l\u2019aneth. Provenance Norv\u00e8ge, \u00c9cosse ou F\u00e9ro\u00e9. Coup\u00e9 en d\u00e9s ou en tranches \u00e9paisses, ce c\u0153ur de filet offre des saveurs intenses, une chair moelleuse et un go\u00fbt in\u00e9galable.  Prix au paquet (180 gr)  Conservation\u00a0:\u00a01 \u00e0 4\u00b0C au r\u00e9frig\u00e9rateur","og_url":"https:\/\/saumonsetcaviars.creactivecom.fr\/fr\/produit\/saumon-fume-coupe-du-tsar\/","og_site_name":"La Compagnie des Saumons &amp; Caviars","article_modified_time":"2024-05-10T09:35:38+00:00","og_image":[{"width":1920,"height":1323,"url":"https:\/\/saumonsetcaviars.creactivecom.fr\/wp-content\/uploads\/2021\/05\/Coupe-Tsar-Nature-180.png","type":"image\/png"}],"twitter_card":"summary_large_image","twitter_misc":{"Dur\u00e9e de lecture estim\u00e9e":"1 minute"},"schema":{"@context":"https:\/\/schema.org","@graph":[{"@type":"WebPage","@id":"https:\/\/saumonsetcaviars.creactivecom.fr\/fr\/produit\/saumon-fume-coupe-du-tsar\/","url":"https:\/\/saumonsetcaviars.creactivecom.fr\/fr\/produit\/saumon-fume-coupe-du-tsar\/","name":"Saumon fum\u00e9 coupe du Tsar - La Compagnie des Saumons &amp; Caviars","isPartOf":{"@id":"https:\/\/saumonsetcaviars.creactivecom.fr\/fr\/#website"},"primaryImageOfPage":{"@id":"https:\/\/saumonsetcaviars.creactivecom.fr\/fr\/produit\/saumon-fume-coupe-du-tsar\/#primaryimage"},"image":{"@id":"https:\/\/saumonsetcaviars.creactivecom.fr\/fr\/produit\/saumon-fume-coupe-du-tsar\/#primaryimage"},"thumbnailUrl":"https:\/\/saumonsetcaviars.creactivecom.fr\/wp-content\/uploads\/2021\/05\/Coupe-Tsar-Nature-180.png","datePublished":"2024-03-26T11:46:54+00:00","dateModified":"2024-05-10T09:35:38+00:00","breadcrumb":{"@id":"https:\/\/saumonsetcaviars.creactivecom.fr\/fr\/produit\/saumon-fume-coupe-du-tsar\/#breadcrumb"},"inLanguage":"fr-FR","potentialAction":[{"@type":"ReadAction","target":["https:\/\/saumonsetcaviars.creactivecom.fr\/fr\/produit\/saumon-fume-coupe-du-tsar\/"]}]},{"@type":"ImageObject","inLanguage":"fr-FR","@id":"https:\/\/saumonsetcaviars.creactivecom.fr\/fr\/produit\/saumon-fume-coupe-du-tsar\/#primaryimage","url":"https:\/\/saumonsetcaviars.creactivecom.fr\/wp-content\/uploads\/2021\/05\/Coupe-Tsar-Nature-180.png","contentUrl":"https:\/\/saumonsetcaviars.creactivecom.fr\/wp-content\/uploads\/2021\/05\/Coupe-Tsar-Nature-180.png","width":1920,"height":1323},{"@type":"BreadcrumbList","@id":"https:\/\/saumonsetcaviars.creactivecom.fr\/fr\/produit\/saumon-fume-coupe-du-tsar\/#breadcrumb","itemListElement":[{"@type":"ListItem","position":1,"name":"Accueil","item":"https:\/\/saumonsetcaviars.creactivecom.fr\/fr\/"},{"@type":"ListItem","position":2,"name":"Boutique","item":"https:\/\/saumonsetcaviars.creactivecom.fr\/fr\/boutique\/"},{"@type":"ListItem","position":3,"name":"Saumon fum\u00e9 coupe du Tsar"}]},{"@type":"WebSite","@id":"https:\/\/saumonsetcaviars.creactivecom.fr\/fr\/#website","url":"https:\/\/saumonsetcaviars.creactivecom.fr\/fr\/","name":"La Compagnie des Saumons &amp; Caviars","description":"","potentialAction":[{"@type":"SearchAction","target":{"@type":"EntryPoint","urlTemplate":"https:\/\/saumonsetcaviars.creactivecom.fr\/fr\/?s={search_term_string}"},"query-input":"required name=search_term_string"}],"inLanguage":"fr-FR"}]}},"_links":{"self":[{"href":"https:\/\/saumonsetcaviars.creactivecom.fr\/fr\/wp-json\/wp\/v2\/product\/697"}],"collection":[{"href":"https:\/\/saumonsetcaviars.creactivecom.fr\/fr\/wp-json\/wp\/v2\/product"}],"about":[{"href":"https:\/\/saumonsetcaviars.creactivecom.fr\/fr\/wp-json\/wp\/v2\/types\/product"}],"wp:featuredmedia":[{"embeddable":true,"href":"https:\/\/saumonsetcaviars.creactivecom.fr\/fr\/wp-json\/wp\/v2\/media\/408"}],"wp:attachment":[{"href":"https:\/\/saumonsetcaviars.creactivecom.fr\/fr\/wp-json\/wp\/v2\/media?parent=697"}],"wp:term":[{"taxonomy":"product_cat","embeddable":true,"href":"https:\/\/saumonsetcaviars.creactivecom.fr\/fr\/wp-json\/wp\/v2\/product_cat?post=697"},{"taxonomy":"product_tag","embeddable":true,"href":"https:\/\/saumonsetcaviars.creactivecom.fr\/fr\/wp-json\/wp\/v2\/product_tag?post=697"}],"curies":[{"name":"wp","href":"https:\/\/api.w.org\/{rel}","templated":true}]}}