{"id":675,"date":"2024-03-25T20:11:03","date_gmt":"2024-03-25T19:11:03","guid":{"rendered":"https:\/\/saumonsetcaviars.creactivecom.fr\/?post_type=product&#038;p=675"},"modified":"2024-03-26T13:43:05","modified_gmt":"2024-03-26T12:43:05","slug":"caviar-baika-royal-250-gr","status":"publish","type":"product","link":"https:\/\/saumonsetcaviars.creactivecom.fr\/fr\/produit\/caviar-baika-royal-250-gr\/","title":{"rendered":"Caviar Baika Royal 250 gr"},"content":{"rendered":"<p><strong>Petits grains fermes de couleur assez sombre, go\u00fbt fruit\u00e9 et peu iod\u00e9.<\/strong><\/p>\n<p class=\"p1\">Issu de l\u2019esturgeon Baeri, \u00e9lev\u00e9 en France notamment, le caviar Ba\u00efka Tsar Imp\u00e9rial\u00ae est peu iod\u00e9, complexe et g\u00e9n\u00e9reux. Ses grains sont gris fonc\u00e9 \u00e0 noir et son go\u00fbt est franc, avec une dominante bois\u00e9e et fruit\u00e9e.<\/p>\n<p><strong>Conservation\u00a0:<\/strong>\u00a01 \u00e0 4\u00b0C au r\u00e9frig\u00e9rateur<\/p>\n","protected":false},"excerpt":{"rendered":"<p><strong>Petits grains fermes de couleur assez sombre, go\u00fbt fruit\u00e9 et peu iod\u00e9.<\/strong><\/p>\n<p class=\"p1\">Issu de l\u2019esturgeon Baeri, \u00e9lev\u00e9 en France notamment, le caviar Ba\u00efka Tsar Imp\u00e9rial\u00ae est peu iod\u00e9, complexe et g\u00e9n\u00e9reux. Ses grains sont gris fonc\u00e9 \u00e0 noir et son go\u00fbt est franc, avec une dominante bois\u00e9e et fruit\u00e9e.<\/p>\n<p><strong>Conservation\u00a0:<\/strong>\u00a01 \u00e0 4\u00b0C au r\u00e9frig\u00e9rateur<\/p>\n","protected":false},"featured_media":242,"template":"","meta":{"_acf_changed":false},"product_cat":[46,51],"product_tag":[],"acf":[],"yoast_head":"<!-- This site is optimized with the Yoast SEO plugin v22.8 - https:\/\/yoast.com\/wordpress\/plugins\/seo\/ -->\n<title>Caviar Baika Royal 250 gr - La Compagnie des Saumons &amp; Caviars<\/title>\n<meta name=\"robots\" content=\"index, follow, max-snippet:-1, max-image-preview:large, max-video-preview:-1\" \/>\n<link rel=\"canonical\" href=\"https:\/\/saumonsetcaviars.creactivecom.fr\/fr\/produit\/caviar-baika-royal-250-gr\/\" \/>\n<meta property=\"og:locale\" content=\"fr_FR\" \/>\n<meta property=\"og:type\" content=\"article\" \/>\n<meta property=\"og:title\" content=\"Caviar Baika Royal 250 gr - La Compagnie des Saumons &amp; Caviars\" \/>\n<meta property=\"og:description\" content=\"Petits grains fermes de couleur assez sombre, go\u00fbt fruit\u00e9 et peu iod\u00e9. Issu de l\u2019esturgeon Baeri, \u00e9lev\u00e9 en France notamment, le caviar Ba\u00efka Tsar Imp\u00e9rial\u00ae est peu iod\u00e9, complexe et g\u00e9n\u00e9reux. Ses grains sont gris fonc\u00e9 \u00e0 noir et son go\u00fbt est franc, avec une dominante bois\u00e9e et fruit\u00e9e. Conservation\u00a0:\u00a01 \u00e0 4\u00b0C au r\u00e9frig\u00e9rateur\" \/>\n<meta property=\"og:url\" content=\"https:\/\/saumonsetcaviars.creactivecom.fr\/fr\/produit\/caviar-baika-royal-250-gr\/\" \/>\n<meta property=\"og:site_name\" content=\"La Compagnie des Saumons &amp; Caviars\" \/>\n<meta property=\"article:modified_time\" content=\"2024-03-26T12:43:05+00:00\" \/>\n<meta property=\"og:image\" content=\"https:\/\/saumonsetcaviars.creactivecom.fr\/wp-content\/uploads\/2021\/03\/caviar-baika-imperial.jpg\" \/>\n\t<meta property=\"og:image:width\" content=\"1920\" \/>\n\t<meta property=\"og:image:height\" content=\"1918\" \/>\n\t<meta property=\"og:image:type\" content=\"image\/jpeg\" \/>\n<meta name=\"twitter:card\" content=\"summary_large_image\" \/>\n<meta name=\"twitter:label1\" content=\"Dur\u00e9e de lecture estim\u00e9e\" \/>\n\t<meta name=\"twitter:data1\" content=\"1 minute\" \/>\n<script type=\"application\/ld+json\" class=\"yoast-schema-graph\">{\"@context\":\"https:\/\/schema.org\",\"@graph\":[{\"@type\":\"WebPage\",\"@id\":\"https:\/\/saumonsetcaviars.creactivecom.fr\/fr\/produit\/caviar-baika-royal-250-gr\/\",\"url\":\"https:\/\/saumonsetcaviars.creactivecom.fr\/fr\/produit\/caviar-baika-royal-250-gr\/\",\"name\":\"Caviar Baika Royal 250 gr - La Compagnie des Saumons &amp; Caviars\",\"isPartOf\":{\"@id\":\"https:\/\/saumonsetcaviars.creactivecom.fr\/fr\/#website\"},\"primaryImageOfPage\":{\"@id\":\"https:\/\/saumonsetcaviars.creactivecom.fr\/fr\/produit\/caviar-baika-royal-250-gr\/#primaryimage\"},\"image\":{\"@id\":\"https:\/\/saumonsetcaviars.creactivecom.fr\/fr\/produit\/caviar-baika-royal-250-gr\/#primaryimage\"},\"thumbnailUrl\":\"https:\/\/saumonsetcaviars.creactivecom.fr\/wp-content\/uploads\/2021\/03\/caviar-baika-imperial.jpg\",\"datePublished\":\"2024-03-25T19:11:03+00:00\",\"dateModified\":\"2024-03-26T12:43:05+00:00\",\"breadcrumb\":{\"@id\":\"https:\/\/saumonsetcaviars.creactivecom.fr\/fr\/produit\/caviar-baika-royal-250-gr\/#breadcrumb\"},\"inLanguage\":\"fr-FR\",\"potentialAction\":[{\"@type\":\"ReadAction\",\"target\":[\"https:\/\/saumonsetcaviars.creactivecom.fr\/fr\/produit\/caviar-baika-royal-250-gr\/\"]}]},{\"@type\":\"ImageObject\",\"inLanguage\":\"fr-FR\",\"@id\":\"https:\/\/saumonsetcaviars.creactivecom.fr\/fr\/produit\/caviar-baika-royal-250-gr\/#primaryimage\",\"url\":\"https:\/\/saumonsetcaviars.creactivecom.fr\/wp-content\/uploads\/2021\/03\/caviar-baika-imperial.jpg\",\"contentUrl\":\"https:\/\/saumonsetcaviars.creactivecom.fr\/wp-content\/uploads\/2021\/03\/caviar-baika-imperial.jpg\",\"width\":1920,\"height\":1918},{\"@type\":\"BreadcrumbList\",\"@id\":\"https:\/\/saumonsetcaviars.creactivecom.fr\/fr\/produit\/caviar-baika-royal-250-gr\/#breadcrumb\",\"itemListElement\":[{\"@type\":\"ListItem\",\"position\":1,\"name\":\"Accueil\",\"item\":\"https:\/\/saumonsetcaviars.creactivecom.fr\/fr\/\"},{\"@type\":\"ListItem\",\"position\":2,\"name\":\"Boutique\",\"item\":\"https:\/\/saumonsetcaviars.creactivecom.fr\/fr\/boutique\/\"},{\"@type\":\"ListItem\",\"position\":3,\"name\":\"Caviar Baika Royal 250 gr\"}]},{\"@type\":\"WebSite\",\"@id\":\"https:\/\/saumonsetcaviars.creactivecom.fr\/fr\/#website\",\"url\":\"https:\/\/saumonsetcaviars.creactivecom.fr\/fr\/\",\"name\":\"La Compagnie des Saumons &amp; Caviars\",\"description\":\"\",\"potentialAction\":[{\"@type\":\"SearchAction\",\"target\":{\"@type\":\"EntryPoint\",\"urlTemplate\":\"https:\/\/saumonsetcaviars.creactivecom.fr\/fr\/?s={search_term_string}\"},\"query-input\":\"required name=search_term_string\"}],\"inLanguage\":\"fr-FR\"}]}<\/script>\n<!-- \/ Yoast SEO plugin. -->","yoast_head_json":{"title":"Caviar Baika Royal 250 gr - La Compagnie des Saumons &amp; Caviars","robots":{"index":"index","follow":"follow","max-snippet":"max-snippet:-1","max-image-preview":"max-image-preview:large","max-video-preview":"max-video-preview:-1"},"canonical":"https:\/\/saumonsetcaviars.creactivecom.fr\/fr\/produit\/caviar-baika-royal-250-gr\/","og_locale":"fr_FR","og_type":"article","og_title":"Caviar Baika Royal 250 gr - La Compagnie des Saumons &amp; Caviars","og_description":"Petits grains fermes de couleur assez sombre, go\u00fbt fruit\u00e9 et peu iod\u00e9. Issu de l\u2019esturgeon Baeri, \u00e9lev\u00e9 en France notamment, le caviar Ba\u00efka Tsar Imp\u00e9rial\u00ae est peu iod\u00e9, complexe et g\u00e9n\u00e9reux. Ses grains sont gris fonc\u00e9 \u00e0 noir et son go\u00fbt est franc, avec une dominante bois\u00e9e et fruit\u00e9e. Conservation\u00a0:\u00a01 \u00e0 4\u00b0C au r\u00e9frig\u00e9rateur","og_url":"https:\/\/saumonsetcaviars.creactivecom.fr\/fr\/produit\/caviar-baika-royal-250-gr\/","og_site_name":"La Compagnie des Saumons &amp; Caviars","article_modified_time":"2024-03-26T12:43:05+00:00","og_image":[{"width":1920,"height":1918,"url":"https:\/\/saumonsetcaviars.creactivecom.fr\/wp-content\/uploads\/2021\/03\/caviar-baika-imperial.jpg","type":"image\/jpeg"}],"twitter_card":"summary_large_image","twitter_misc":{"Dur\u00e9e de lecture estim\u00e9e":"1 minute"},"schema":{"@context":"https:\/\/schema.org","@graph":[{"@type":"WebPage","@id":"https:\/\/saumonsetcaviars.creactivecom.fr\/fr\/produit\/caviar-baika-royal-250-gr\/","url":"https:\/\/saumonsetcaviars.creactivecom.fr\/fr\/produit\/caviar-baika-royal-250-gr\/","name":"Caviar Baika Royal 250 gr - La Compagnie des Saumons &amp; Caviars","isPartOf":{"@id":"https:\/\/saumonsetcaviars.creactivecom.fr\/fr\/#website"},"primaryImageOfPage":{"@id":"https:\/\/saumonsetcaviars.creactivecom.fr\/fr\/produit\/caviar-baika-royal-250-gr\/#primaryimage"},"image":{"@id":"https:\/\/saumonsetcaviars.creactivecom.fr\/fr\/produit\/caviar-baika-royal-250-gr\/#primaryimage"},"thumbnailUrl":"https:\/\/saumonsetcaviars.creactivecom.fr\/wp-content\/uploads\/2021\/03\/caviar-baika-imperial.jpg","datePublished":"2024-03-25T19:11:03+00:00","dateModified":"2024-03-26T12:43:05+00:00","breadcrumb":{"@id":"https:\/\/saumonsetcaviars.creactivecom.fr\/fr\/produit\/caviar-baika-royal-250-gr\/#breadcrumb"},"inLanguage":"fr-FR","potentialAction":[{"@type":"ReadAction","target":["https:\/\/saumonsetcaviars.creactivecom.fr\/fr\/produit\/caviar-baika-royal-250-gr\/"]}]},{"@type":"ImageObject","inLanguage":"fr-FR","@id":"https:\/\/saumonsetcaviars.creactivecom.fr\/fr\/produit\/caviar-baika-royal-250-gr\/#primaryimage","url":"https:\/\/saumonsetcaviars.creactivecom.fr\/wp-content\/uploads\/2021\/03\/caviar-baika-imperial.jpg","contentUrl":"https:\/\/saumonsetcaviars.creactivecom.fr\/wp-content\/uploads\/2021\/03\/caviar-baika-imperial.jpg","width":1920,"height":1918},{"@type":"BreadcrumbList","@id":"https:\/\/saumonsetcaviars.creactivecom.fr\/fr\/produit\/caviar-baika-royal-250-gr\/#breadcrumb","itemListElement":[{"@type":"ListItem","position":1,"name":"Accueil","item":"https:\/\/saumonsetcaviars.creactivecom.fr\/fr\/"},{"@type":"ListItem","position":2,"name":"Boutique","item":"https:\/\/saumonsetcaviars.creactivecom.fr\/fr\/boutique\/"},{"@type":"ListItem","position":3,"name":"Caviar Baika Royal 250 gr"}]},{"@type":"WebSite","@id":"https:\/\/saumonsetcaviars.creactivecom.fr\/fr\/#website","url":"https:\/\/saumonsetcaviars.creactivecom.fr\/fr\/","name":"La Compagnie des Saumons &amp; Caviars","description":"","potentialAction":[{"@type":"SearchAction","target":{"@type":"EntryPoint","urlTemplate":"https:\/\/saumonsetcaviars.creactivecom.fr\/fr\/?s={search_term_string}"},"query-input":"required name=search_term_string"}],"inLanguage":"fr-FR"}]}},"_links":{"self":[{"href":"https:\/\/saumonsetcaviars.creactivecom.fr\/fr\/wp-json\/wp\/v2\/product\/675"}],"collection":[{"href":"https:\/\/saumonsetcaviars.creactivecom.fr\/fr\/wp-json\/wp\/v2\/product"}],"about":[{"href":"https:\/\/saumonsetcaviars.creactivecom.fr\/fr\/wp-json\/wp\/v2\/types\/product"}],"wp:featuredmedia":[{"embeddable":true,"href":"https:\/\/saumonsetcaviars.creactivecom.fr\/fr\/wp-json\/wp\/v2\/media\/242"}],"wp:attachment":[{"href":"https:\/\/saumonsetcaviars.creactivecom.fr\/fr\/wp-json\/wp\/v2\/media?parent=675"}],"wp:term":[{"taxonomy":"product_cat","embeddable":true,"href":"https:\/\/saumonsetcaviars.creactivecom.fr\/fr\/wp-json\/wp\/v2\/product_cat?post=675"},{"taxonomy":"product_tag","embeddable":true,"href":"https:\/\/saumonsetcaviars.creactivecom.fr\/fr\/wp-json\/wp\/v2\/product_tag?post=675"}],"curies":[{"name":"wp","href":"https:\/\/api.w.org\/{rel}","templated":true}]}}