{"id":702,"date":"2024-03-26T13:34:19","date_gmt":"2024-03-26T12:34:19","guid":{"rendered":"https:\/\/saumonsetcaviars.creactivecom.fr\/?page_id=702"},"modified":"2024-11-09T13:54:00","modified_gmt":"2024-11-09T12:54:00","slug":"nos-caviars","status":"publish","type":"page","link":"https:\/\/saumonsetcaviars.creactivecom.fr\/fr\/nos-caviars\/","title":{"rendered":"Nos Caviars"},"content":{"rendered":"<div class=\"wpb-content-wrapper\"><p>[vc_row][vc_column][vc_column_text]<\/p>\n<div id=\"1805756942\" class=\"u_1805756942 dmRespRow fullBleedChanged fullBleedMode\">\n<div id=\"1252732102\" class=\"dmRespColsWrapper\">\n<div id=\"1196067882\" class=\"dmRespCol c_1196067882 u_1196067882\">\n<h2 id=\"1569467196\" class=\"u_1569467196 dmNewParagraph\" data-element-type=\"paragraph\" data-uialign=\"center\"><span class=\"font-size-NaN m-font-size-NaN\">US RECHERCHEZ DU CAVIAR PR\u00c8S DE NICE, CANNES, MONACO OU D&rsquo;ANTIBES ?<\/span><\/h2>\n<\/div>\n<\/div>\n<\/div>\n<div id=\"1755444218\" class=\"u_1755444218 dmRespRow fullBleedChanged fullBleedMode\">\n<div id=\"1817184559\" class=\"dmRespColsWrapper\">\n<div id=\"1440154461\" class=\"u_1440154461 dmRespCol small-12 large-9 medium-9\">\n<div id=\"1238078585\" class=\"u_1238078585 dmNewParagraph fullBleedChanged fullBleedMode\" data-dmtmpl=\"true\" data-element-type=\"paragraph\" data-uialign=\"right\">\n<p class=\"font-size-NaN m-font-size-NaN\">Nos boutiques,\u00a0<strong class=\"font-size-NaN m-font-size-NaN\"><span class=\"font-size-NaN m-font-size-NaN\">La Compagnie des Saumons et Caviars<\/span><\/strong>, install\u00e9es \u00e0 Cannes et Nice, sont d\u00e9positaires officiels de la maison\u00a0<strong class=\"font-size-NaN m-font-size-NaN\">Petrossian<\/strong>.\u00a0Retrouvez chez nous les fameuses bo\u00eetes bleues contenant le pr\u00e9cieux nectar pour vos ap\u00e9ritifs, cocktails dinatoires ou encore en entr\u00e9e.<\/p>\n<p class=\"font-size-NaN m-font-size-NaN\">D\u00e9gustez-le\u00a0\u00e0 m\u00eame la bo\u00eete, accompagn\u00e9 d&rsquo;une\u00a0<span class=\"font-size-NaN m-font-size-NaN\"><strong class=\"font-size-NaN m-font-size-NaN\">vodka\u00a0glac\u00e9<\/strong><\/span>.\u00a0D\u00e9posez-le sur un\u00a0<strong class=\"font-size-NaN m-font-size-NaN\">blinis<\/strong>\u00a0ou savourez-le nature.<\/p>\n<div id=\"1776725662\" class=\"u_1776725662 dmRespRow fullBleedChanged fullBleedMode\">\n<div id=\"1002754443\" class=\"dmRespColsWrapper\">\n<div id=\"1492217070\" class=\"dmRespCol c_1492217070 u_1492217070\">\n<div id=\"1023320763\" class=\"u_1023320763 dmNewParagraph fullBleedChanged fullBleedMode\" data-dmtmpl=\"true\" data-element-type=\"paragraph\" data-uialign=\"center\" data-editor-state=\"closed\">\n<p class=\"font-size-NaN m-font-size-NaN\">Sortez les cuill\u00e8res en nacre et appr\u00e9ciez la finesse.<\/p>\n<\/div>\n<\/div>\n<\/div>\n<\/div>\n<\/div>\n<\/div>\n<\/div>\n<\/div>\n<p>[\/vc_column_text][vc_row_inner][vc_column_inner width=\u00a0\u00bb1\/4&Prime;][vc_single_image image=\u00a0\u00bb251&Prime; img_size=\u00a0\u00bbmedium\u00a0\u00bb alignment=\u00a0\u00bbcenter\u00a0\u00bb onclick=\u00a0\u00bbcustom_link\u00a0\u00bb link=\u00a0\u00bbhttps:\/\/saumonsetcaviars.creactivecom.fr\/fr\/nos-caviars\/caviar-beluga\/\u00a0\u00bb][vc_column_text]<\/p>\n<h3 style=\"text-align: center;\"><a href=\"https:\/\/saumonsetcaviars.creactivecom.fr\/fr\/nos-caviars\/caviar-beluga\/\"><strong>Caviar Beluga<\/strong><\/a><\/h3>\n<p>[\/vc_column_text][\/vc_column_inner][vc_column_inner width=\u00a0\u00bb1\/4&Prime;][vc_single_image image=\u00a0\u00bb246&Prime; img_size=\u00a0\u00bbmedium\u00a0\u00bb alignment=\u00a0\u00bbcenter\u00a0\u00bb onclick=\u00a0\u00bbcustom_link\u00a0\u00bb link=\u00a0\u00bbhttps:\/\/saumonsetcaviars.creactivecom.fr\/fr\/nos-caviars\/caviar-ossetra\/\u00a0\u00bb][vc_column_text]<\/p>\n<h3 style=\"text-align: center;\"><a href=\"https:\/\/saumonsetcaviars.creactivecom.fr\/fr\/nos-caviars\/caviar-ossetra\/\"><strong>Caviar Ossetra<\/strong><\/a><\/h3>\n<p>[\/vc_column_text][\/vc_column_inner][vc_column_inner width=\u00a0\u00bb1\/4&Prime;][vc_single_image image=\u00a0\u00bb242&Prime; img_size=\u00a0\u00bbmedium\u00a0\u00bb alignment=\u00a0\u00bbcenter\u00a0\u00bb onclick=\u00a0\u00bbcustom_link\u00a0\u00bb link=\u00a0\u00bbhttps:\/\/saumonsetcaviars.creactivecom.fr\/fr\/nos-caviars\/caviar-baika\/\u00a0\u00bb][vc_column_text]<\/p>\n<h3 style=\"text-align: center;\"><a href=\"https:\/\/saumonsetcaviars.creactivecom.fr\/fr\/nos-caviars\/caviar-baika\/\"><strong>Caviar Baika<\/strong><\/a><\/h3>\n<p>[\/vc_column_text][\/vc_column_inner][vc_column_inner width=\u00a0\u00bb1\/4&Prime;][vc_single_image image=\u00a0\u00bb254&Prime; img_size=\u00a0\u00bbmedium\u00a0\u00bb alignment=\u00a0\u00bbcenter\u00a0\u00bb onclick=\u00a0\u00bbcustom_link\u00a0\u00bb link=\u00a0\u00bbhttps:\/\/saumonsetcaviars.creactivecom.fr\/fr\/nos-caviars\/caviar-daurenki\/\u00a0\u00bb][vc_column_text]<\/p>\n<h3 style=\"text-align: center;\"><a href=\"https:\/\/saumonsetcaviars.creactivecom.fr\/fr\/nos-caviars\/caviar-daurenki\/\"><strong>Caviar Daurenki<\/strong><\/a><\/h3>\n<p>[\/vc_column_text][\/vc_column_inner][\/vc_row_inner][vc_empty_space][vc_row_inner][vc_column_inner width=\u00a0\u00bb1\/4&Prime;][vc_single_image image=\u00a0\u00bb257&Prime; img_size=\u00a0\u00bbmedium\u00a0\u00bb alignment=\u00a0\u00bbcenter\u00a0\u00bb onclick=\u00a0\u00bbcustom_link\u00a0\u00bb link=\u00a0\u00bbhttps:\/\/saumonsetcaviars.creactivecom.fr\/fr\/nos-caviars\/caviar-sevruga\/\u00a0\u00bb][vc_column_text]<\/p>\n<h3 style=\"text-align: center;\"><a href=\"https:\/\/saumonsetcaviars.creactivecom.fr\/fr\/nos-caviars\/caviar-sevruga\/\"><strong>Caviar Sevruga<\/strong><\/a><br \/>\n(sur commande)<\/h3>\n<p>[\/vc_column_text][\/vc_column_inner][\/vc_row_inner][\/vc_column][\/vc_row]<\/p>\n<\/div>","protected":false},"excerpt":{"rendered":"<p>[vc_row][vc_column][vc_column_text] US RECHERCHEZ DU CAVIAR PR\u00c8S DE NICE, CANNES, MONACO OU D&rsquo;ANTIBES ? Nos boutiques,\u00a0La Compagnie des Saumons et Caviars, [&hellip;]<\/p>\n","protected":false},"author":3,"featured_media":0,"parent":0,"menu_order":0,"comment_status":"closed","ping_status":"closed","template":"","meta":{"_acf_changed":false,"footnotes":""},"acf":[],"yoast_head":"<!-- This site is optimized with the Yoast SEO plugin v22.8 - https:\/\/yoast.com\/wordpress\/plugins\/seo\/ -->\n<title>Nos Caviars - La Compagnie des Saumons &amp; Caviars<\/title>\n<meta name=\"robots\" content=\"index, follow, max-snippet:-1, max-image-preview:large, max-video-preview:-1\" \/>\n<link rel=\"canonical\" href=\"https:\/\/saumonsetcaviars.creactivecom.fr\/fr\/nos-caviars\/\" \/>\n<meta property=\"og:locale\" content=\"fr_FR\" \/>\n<meta property=\"og:type\" content=\"article\" \/>\n<meta property=\"og:title\" content=\"Nos Caviars - La Compagnie des Saumons &amp; Caviars\" \/>\n<meta property=\"og:description\" content=\"[vc_row][vc_column][vc_column_text] US RECHERCHEZ DU CAVIAR PR\u00c8S DE NICE, CANNES, MONACO OU D&rsquo;ANTIBES ? Nos boutiques,\u00a0La Compagnie des Saumons et Caviars, [&hellip;]\" \/>\n<meta property=\"og:url\" content=\"https:\/\/saumonsetcaviars.creactivecom.fr\/fr\/nos-caviars\/\" \/>\n<meta property=\"og:site_name\" content=\"La Compagnie des Saumons &amp; Caviars\" \/>\n<meta property=\"article:modified_time\" content=\"2024-11-09T12:54:00+00:00\" \/>\n<meta name=\"twitter:card\" content=\"summary_large_image\" \/>\n<meta name=\"twitter:label1\" content=\"Dur\u00e9e de lecture estim\u00e9e\" \/>\n\t<meta name=\"twitter:data1\" content=\"1 minute\" \/>\n<script type=\"application\/ld+json\" class=\"yoast-schema-graph\">{\"@context\":\"https:\/\/schema.org\",\"@graph\":[{\"@type\":\"WebPage\",\"@id\":\"https:\/\/saumonsetcaviars.creactivecom.fr\/fr\/nos-caviars\/\",\"url\":\"https:\/\/saumonsetcaviars.creactivecom.fr\/fr\/nos-caviars\/\",\"name\":\"Nos Caviars - La Compagnie des Saumons &amp; Caviars\",\"isPartOf\":{\"@id\":\"https:\/\/saumonsetcaviars.creactivecom.fr\/fr\/#website\"},\"datePublished\":\"2024-03-26T12:34:19+00:00\",\"dateModified\":\"2024-11-09T12:54:00+00:00\",\"breadcrumb\":{\"@id\":\"https:\/\/saumonsetcaviars.creactivecom.fr\/fr\/nos-caviars\/#breadcrumb\"},\"inLanguage\":\"fr-FR\",\"potentialAction\":[{\"@type\":\"ReadAction\",\"target\":[\"https:\/\/saumonsetcaviars.creactivecom.fr\/fr\/nos-caviars\/\"]}]},{\"@type\":\"BreadcrumbList\",\"@id\":\"https:\/\/saumonsetcaviars.creactivecom.fr\/fr\/nos-caviars\/#breadcrumb\",\"itemListElement\":[{\"@type\":\"ListItem\",\"position\":1,\"name\":\"Accueil\",\"item\":\"https:\/\/saumonsetcaviars.creactivecom.fr\/fr\/\"},{\"@type\":\"ListItem\",\"position\":2,\"name\":\"Nos Caviars\"}]},{\"@type\":\"WebSite\",\"@id\":\"https:\/\/saumonsetcaviars.creactivecom.fr\/fr\/#website\",\"url\":\"https:\/\/saumonsetcaviars.creactivecom.fr\/fr\/\",\"name\":\"La Compagnie des Saumons &amp; Caviars\",\"description\":\"\",\"potentialAction\":[{\"@type\":\"SearchAction\",\"target\":{\"@type\":\"EntryPoint\",\"urlTemplate\":\"https:\/\/saumonsetcaviars.creactivecom.fr\/fr\/?s={search_term_string}\"},\"query-input\":\"required name=search_term_string\"}],\"inLanguage\":\"fr-FR\"}]}<\/script>\n<!-- \/ Yoast SEO plugin. -->","yoast_head_json":{"title":"Nos Caviars - La Compagnie des Saumons &amp; Caviars","robots":{"index":"index","follow":"follow","max-snippet":"max-snippet:-1","max-image-preview":"max-image-preview:large","max-video-preview":"max-video-preview:-1"},"canonical":"https:\/\/saumonsetcaviars.creactivecom.fr\/fr\/nos-caviars\/","og_locale":"fr_FR","og_type":"article","og_title":"Nos Caviars - La Compagnie des Saumons &amp; Caviars","og_description":"[vc_row][vc_column][vc_column_text] US RECHERCHEZ DU CAVIAR PR\u00c8S DE NICE, CANNES, MONACO OU D&rsquo;ANTIBES ? Nos boutiques,\u00a0La Compagnie des Saumons et Caviars, [&hellip;]","og_url":"https:\/\/saumonsetcaviars.creactivecom.fr\/fr\/nos-caviars\/","og_site_name":"La Compagnie des Saumons &amp; Caviars","article_modified_time":"2024-11-09T12:54:00+00:00","twitter_card":"summary_large_image","twitter_misc":{"Dur\u00e9e de lecture estim\u00e9e":"1 minute"},"schema":{"@context":"https:\/\/schema.org","@graph":[{"@type":"WebPage","@id":"https:\/\/saumonsetcaviars.creactivecom.fr\/fr\/nos-caviars\/","url":"https:\/\/saumonsetcaviars.creactivecom.fr\/fr\/nos-caviars\/","name":"Nos Caviars - La Compagnie des Saumons &amp; Caviars","isPartOf":{"@id":"https:\/\/saumonsetcaviars.creactivecom.fr\/fr\/#website"},"datePublished":"2024-03-26T12:34:19+00:00","dateModified":"2024-11-09T12:54:00+00:00","breadcrumb":{"@id":"https:\/\/saumonsetcaviars.creactivecom.fr\/fr\/nos-caviars\/#breadcrumb"},"inLanguage":"fr-FR","potentialAction":[{"@type":"ReadAction","target":["https:\/\/saumonsetcaviars.creactivecom.fr\/fr\/nos-caviars\/"]}]},{"@type":"BreadcrumbList","@id":"https:\/\/saumonsetcaviars.creactivecom.fr\/fr\/nos-caviars\/#breadcrumb","itemListElement":[{"@type":"ListItem","position":1,"name":"Accueil","item":"https:\/\/saumonsetcaviars.creactivecom.fr\/fr\/"},{"@type":"ListItem","position":2,"name":"Nos Caviars"}]},{"@type":"WebSite","@id":"https:\/\/saumonsetcaviars.creactivecom.fr\/fr\/#website","url":"https:\/\/saumonsetcaviars.creactivecom.fr\/fr\/","name":"La Compagnie des Saumons &amp; Caviars","description":"","potentialAction":[{"@type":"SearchAction","target":{"@type":"EntryPoint","urlTemplate":"https:\/\/saumonsetcaviars.creactivecom.fr\/fr\/?s={search_term_string}"},"query-input":"required name=search_term_string"}],"inLanguage":"fr-FR"}]}},"_links":{"self":[{"href":"https:\/\/saumonsetcaviars.creactivecom.fr\/fr\/wp-json\/wp\/v2\/pages\/702"}],"collection":[{"href":"https:\/\/saumonsetcaviars.creactivecom.fr\/fr\/wp-json\/wp\/v2\/pages"}],"about":[{"href":"https:\/\/saumonsetcaviars.creactivecom.fr\/fr\/wp-json\/wp\/v2\/types\/page"}],"author":[{"embeddable":true,"href":"https:\/\/saumonsetcaviars.creactivecom.fr\/fr\/wp-json\/wp\/v2\/users\/3"}],"replies":[{"embeddable":true,"href":"https:\/\/saumonsetcaviars.creactivecom.fr\/fr\/wp-json\/wp\/v2\/comments?post=702"}],"version-history":[{"count":35,"href":"https:\/\/saumonsetcaviars.creactivecom.fr\/fr\/wp-json\/wp\/v2\/pages\/702\/revisions"}],"predecessor-version":[{"id":847,"href":"https:\/\/saumonsetcaviars.creactivecom.fr\/fr\/wp-json\/wp\/v2\/pages\/702\/revisions\/847"}],"wp:attachment":[{"href":"https:\/\/saumonsetcaviars.creactivecom.fr\/fr\/wp-json\/wp\/v2\/media?parent=702"}],"curies":[{"name":"wp","href":"https:\/\/api.w.org\/{rel}","templated":true}]}}